{"id":3107,"date":"2024-06-08T19:55:28","date_gmt":"2024-06-08T22:55:28","guid":{"rendered":"https:\/\/innovaconstru.com.br\/?page_id=3107"},"modified":"2025-06-12T01:31:36","modified_gmt":"2025-06-12T04:31:36","slug":"eletrica","status":"publish","type":"page","link":"https:\/\/innovaconstru.com.br\/index.php\/eletrica\/","title":{"rendered":"El\u00e9trica"},"content":{"rendered":"\t\t<div data-elementor-type=\"wp-page\" data-elementor-id=\"3107\" class=\"elementor elementor-3107\">\n\t\t\t\t\t\t<section class=\"elementor-section elementor-top-section elementor-element elementor-element-6d54561a elementor-section-stretched elementor-section-boxed elementor-section-height-default elementor-section-height-default\" data-id=\"6d54561a\" data-element_type=\"section\" data-e-type=\"section\" data-settings=\"{&quot;stretch_section&quot;:&quot;section-stretched&quot;,&quot;background_background&quot;:&quot;classic&quot;}\">\n\t\t\t\t\t\t\t<div class=\"elementor-background-overlay\"><\/div>\n\t\t\t\t\t\t\t<div class=\"elementor-container elementor-column-gap-no\">\n\t\t\t\t\t<div class=\"elementor-column elementor-col-100 elementor-top-column elementor-element elementor-element-15e7fc7e\" data-id=\"15e7fc7e\" data-element_type=\"column\" data-e-type=\"column\">\n\t\t\t<div class=\"elementor-widget-wrap elementor-element-populated\">\n\t\t\t\t<div class=\"elementor-element elementor-element-bc90c65 e-flex e-con-boxed e-con e-parent\" data-id=\"bc90c65\" data-element_type=\"container\" data-e-type=\"container\">\n\t\t\t\t\t<div class=\"e-con-inner\">\n\t\t<div class=\"elementor-element elementor-element-fc0104a e-con-full e-flex e-con e-child\" data-id=\"fc0104a\" data-element_type=\"container\" data-e-type=\"container\">\n\t\t\t\t<div class=\"elementor-element elementor-element-f9490a5 elementor-widget__width-initial elementor-widget elementor-widget-image\" data-id=\"f9490a5\" data-element_type=\"widget\" data-e-type=\"widget\" data-widget_type=\"image.default\">\n\t\t\t\t<div class=\"elementor-widget-container\">\n\t\t\t\t\t\t\t\t\t\t\t\t\t\t\t<img fetchpriority=\"high\" decoding=\"async\" width=\"826\" height=\"1239\" src=\"https:\/\/innovaconstru.com.br\/wp-content\/uploads\/2024\/07\/img-eletrica-01.webp\" class=\"attachment-full size-full wp-image-3199\" alt=\"\" srcset=\"https:\/\/innovaconstru.com.br\/wp-content\/uploads\/2024\/07\/img-eletrica-01.webp 826w, https:\/\/innovaconstru.com.br\/wp-content\/uploads\/2024\/07\/img-eletrica-01-200x300.webp 200w, https:\/\/innovaconstru.com.br\/wp-content\/uploads\/2024\/07\/img-eletrica-01-683x1024.webp 683w, https:\/\/innovaconstru.com.br\/wp-content\/uploads\/2024\/07\/img-eletrica-01-768x1152.webp 768w\" sizes=\"(max-width: 826px) 100vw, 826px\" \/>\t\t\t\t\t\t\t\t\t\t\t\t\t\t\t<\/div>\n\t\t\t\t<\/div>\n\t\t\t\t<\/div>\n\t\t<div class=\"elementor-element elementor-element-bcfbac8 e-con-full e-flex e-con e-child\" data-id=\"bcfbac8\" data-element_type=\"container\" data-e-type=\"container\">\n\t\t\t\t<div class=\"elementor-element elementor-element-d836963 elementor-widget elementor-widget-text-editor\" data-id=\"d836963\" data-element_type=\"widget\" data-e-type=\"widget\" data-widget_type=\"text-editor.default\">\n\t\t\t\t<div class=\"elementor-widget-container\">\n\t\t\t\t\t\t\t\t\t<h1><span style=\"color: #2682b2;\"><b>El\u00e9trica<\/b><\/span><\/h1>\n<p style=\"font-weight: 400;\">Com t\u00e9cnicos treinados na &nbsp;execu\u00e7\u00e3o de projetos de baixa, m\u00e9dia e alta complexidades, entregamos os melhores resultados garantindo total satisfa\u00e7\u00e3o aos nossos clientes em seus projetos el\u00e9tricos.<\/p>\t\t\t\t\t\t\t\t<\/div>\n\t\t\t\t<\/div>\n\t\t\t\t<div class=\"elementor-element elementor-element-8d183bf elementor-widget elementor-widget-text-editor\" data-id=\"8d183bf\" data-element_type=\"widget\" data-e-type=\"widget\" data-widget_type=\"text-editor.default\">\n\t\t\t\t<div class=\"elementor-widget-container\">\n\t\t\t\t\t\t\t\t\t<h6><span style=\"color: #808080;\"><b>COMERCIAL E RESIDENCIAL<\/b><\/span><\/h6><ul style=\"font-weight: 400;\"><li>Estudo de demanda<\/li><li>Projeto e instala\u00e7\u00e3o de ilumina\u00e7\u00e3o em LED;<\/li><li>Projeto e instala\u00e7\u00e3o de sistemas Fotovoltaicos;<\/li><li>Reforma em apartamentos conforme a NBR 16.280.<\/li><li>Substitui\u00e7\u00e3o e reparo de instala\u00e7\u00f5es el\u00e9tricas.<\/li><li>Substitui\u00e7\u00e3o de fios e cabos el\u00e9tricos;<\/li><li>Ilumina\u00e7\u00e3o decorativa.<\/li><\/ul>\t\t\t\t\t\t\t\t<\/div>\n\t\t\t\t<\/div>\n\t\t\t\t<div class=\"elementor-element elementor-element-770ad37 elementor-widget elementor-widget-text-editor\" data-id=\"770ad37\" data-element_type=\"widget\" data-e-type=\"widget\" data-widget_type=\"text-editor.default\">\n\t\t\t\t<div class=\"elementor-widget-container\">\n\t\t\t\t\t\t\t\t\t<h6><span style=\"color: #808080;\"><b>PREDIAL<\/b><\/span><\/h6><ul><li>Estudo de demanda;<\/li><li>Adequa\u00e7\u00f5es el\u00e9tricas para A. V. C. B.;<\/li><li>An\u00e1lise de qualidade de energia el\u00e9trica;<\/li><li>Aprova\u00e7\u00e3o de projeto junto a concession\u00e1ria \u2013 Enel Bandeirante \u2013 Elektro \u2013 CPFL;<\/li><li>Reforma de cabine de barramentos;<\/li><li>Reforma do centro de medi\u00e7\u00e3o;<\/li><li>Dimensionamento e instala\u00e7\u00e3o das prumadas el\u00e9tricas de apartamentos e \u00e1reas comuns;<\/li><li>Sistema de Para-raios \u2013 projeto, adequa\u00e7\u00e3o e instala\u00e7\u00e3o;<\/li><li>Instala\u00e7\u00f5es nas \u00e1reas comuns \u2013 subsolos, quadras, jardins e halls;<\/li><li>Ilumina\u00e7\u00e3o em LED;<\/li><li>Reforma em condom\u00ednios conforme a NBR 16.280;<\/li><li>Dimensionamento e instala\u00e7\u00e3o de sistemas de aterramentos para elevadores<br \/>e outros equipamentos;<\/li><li>Substitui\u00e7\u00e3o de fundos de madeira em caixas e quadros el\u00e9tricos.<\/li><\/ul>\t\t\t\t\t\t\t\t<\/div>\n\t\t\t\t<\/div>\n\t\t\t\t<div class=\"elementor-element elementor-element-e523212 elementor-widget elementor-widget-text-editor\" data-id=\"e523212\" data-element_type=\"widget\" data-e-type=\"widget\" data-widget_type=\"text-editor.default\">\n\t\t\t\t<div class=\"elementor-widget-container\">\n\t\t\t\t\t\t\t\t\t<h6><span style=\"color: #808080;\"><b>INDUSTRIAL<\/b><\/span><\/h6><ul style=\"font-weight: 400;\"><li>Projeto, dimensionamento e estudo de demanda;<\/li><li>Padr\u00e3o de entrada de energia \u2013 Enel Bandeirante \u2013 Elektro \u2013 CPFL;<\/li><li>Substitui\u00e7\u00e3o de fios e cabos el\u00e9tricos;<\/li><li>Adequa\u00e7\u00e3o dos quadros de distribui\u00e7\u00e3o conforme NBR 5410;<\/li><li>Dimensionamento e instala\u00e7\u00e3o de DPS e DR;<\/li><li>Sistema de Para-raios, conforme NBR 5419\/15;<\/li><li>Manuten\u00e7\u00e3o em quadros de comando.<\/li><\/ul>\t\t\t\t\t\t\t\t<\/div>\n\t\t\t\t<\/div>\n\t\t\t\t<div class=\"elementor-element elementor-element-e91b8f1 elementor-align-right elementor-mobile-align-center elementor-widget elementor-widget-button\" data-id=\"e91b8f1\" data-element_type=\"widget\" data-e-type=\"widget\" data-widget_type=\"button.default\">\n\t\t\t\t<div class=\"elementor-widget-container\">\n\t\t\t\t\t\t\t\t\t<div class=\"elementor-button-wrapper\">\n\t\t\t\t\t<a class=\"elementor-button elementor-size-sm\" role=\"button\" id=\"orcamento\">\n\t\t\t\t\t\t<span class=\"elementor-button-content-wrapper\">\n\t\t\t\t\t\t\t\t\t<span class=\"elementor-button-text\">Solicite o seu or\u00e7amento!<\/span>\n\t\t\t\t\t<\/span>\n\t\t\t\t\t<\/a>\n\t\t\t\t<\/div>\n\t\t\t\t\t\t\t\t<\/div>\n\t\t\t\t<\/div>\n\t\t\t\t<\/div>\n\t\t\t\t\t<\/div>\n\t\t\t\t<\/div>\n\t\t\t\t\t<\/div>\n\t\t<\/div>\n\t\t\t\t\t<\/div>\n\t\t<\/section>\n\t\t\t\t<\/div>\n\t\t","protected":false},"excerpt":{"rendered":"<p>El\u00e9trica Com t\u00e9cnicos treinados na &nbsp;execu\u00e7\u00e3o de projetos de baixa, m\u00e9dia e alta complexidades, entregamos os melhores resultados garantindo total satisfa\u00e7\u00e3o aos nossos clientes em seus projetos el\u00e9tricos. COMERCIAL E RESIDENCIAL Estudo de demanda Projeto e instala\u00e7\u00e3o de ilumina\u00e7\u00e3o em LED; Projeto e instala\u00e7\u00e3o de sistemas Fotovoltaicos;<\/p>\n","protected":false},"author":1,"featured_media":0,"parent":0,"menu_order":0,"comment_status":"closed","ping_status":"closed","template":"","meta":{"_eb_attr":"","_joinchat":[],"footnotes":""},"class_list":["post-3107","page","type-page","status-publish","hentry"],"_links":{"self":[{"href":"https:\/\/innovaconstru.com.br\/index.php\/wp-json\/wp\/v2\/pages\/3107","targetHints":{"allow":["GET"]}}],"collection":[{"href":"https:\/\/innovaconstru.com.br\/index.php\/wp-json\/wp\/v2\/pages"}],"about":[{"href":"https:\/\/innovaconstru.com.br\/index.php\/wp-json\/wp\/v2\/types\/page"}],"author":[{"embeddable":true,"href":"https:\/\/innovaconstru.com.br\/index.php\/wp-json\/wp\/v2\/users\/1"}],"replies":[{"embeddable":true,"href":"https:\/\/innovaconstru.com.br\/index.php\/wp-json\/wp\/v2\/comments?post=3107"}],"version-history":[{"count":103,"href":"https:\/\/innovaconstru.com.br\/index.php\/wp-json\/wp\/v2\/pages\/3107\/revisions"}],"predecessor-version":[{"id":4377,"href":"https:\/\/innovaconstru.com.br\/index.php\/wp-json\/wp\/v2\/pages\/3107\/revisions\/4377"}],"wp:attachment":[{"href":"https:\/\/innovaconstru.com.br\/index.php\/wp-json\/wp\/v2\/media?parent=3107"}],"curies":[{"name":"wp","href":"https:\/\/api.w.org\/{rel}","templated":true}]}}