{"id":3193,"date":"2024-07-11T19:38:25","date_gmt":"2024-07-11T22:38:25","guid":{"rendered":"https:\/\/innovaconstru.com.br\/?page_id=3193"},"modified":"2025-06-12T01:30:01","modified_gmt":"2025-06-12T04:30:01","slug":"gesso","status":"publish","type":"page","link":"https:\/\/innovaconstru.com.br\/index.php\/gesso\/","title":{"rendered":"Gesso"},"content":{"rendered":"\t\t<div data-elementor-type=\"wp-page\" data-elementor-id=\"3193\" class=\"elementor elementor-3193\">\n\t\t\t\t\t\t<section class=\"elementor-section elementor-top-section elementor-element elementor-element-5bf15c0 elementor-section-stretched elementor-section-boxed elementor-section-height-default elementor-section-height-default\" data-id=\"5bf15c0\" data-element_type=\"section\" data-e-type=\"section\" data-settings=\"{&quot;stretch_section&quot;:&quot;section-stretched&quot;,&quot;background_background&quot;:&quot;classic&quot;}\">\n\t\t\t\t\t\t\t<div class=\"elementor-background-overlay\"><\/div>\n\t\t\t\t\t\t\t<div class=\"elementor-container elementor-column-gap-no\">\n\t\t\t\t\t<div class=\"elementor-column elementor-col-100 elementor-top-column elementor-element elementor-element-a9634d1\" data-id=\"a9634d1\" data-element_type=\"column\" data-e-type=\"column\">\n\t\t\t<div class=\"elementor-widget-wrap elementor-element-populated\">\n\t\t\t\t\t\t<div class=\"elementor-element elementor-element-01ebafe elementor-widget elementor-widget-spacer\" data-id=\"01ebafe\" data-element_type=\"widget\" data-e-type=\"widget\" data-widget_type=\"spacer.default\">\n\t\t\t\t<div class=\"elementor-widget-container\">\n\t\t\t\t\t\t\t<div class=\"elementor-spacer\">\n\t\t\t<div class=\"elementor-spacer-inner\"><\/div>\n\t\t<\/div>\n\t\t\t\t\t\t<\/div>\n\t\t\t\t<\/div>\n\t\t<div class=\"elementor-element elementor-element-cb5209f e-con-full e-flex e-con e-parent\" data-id=\"cb5209f\" data-element_type=\"container\" data-e-type=\"container\">\n\t\t\t\t<div class=\"elementor-element elementor-element-13dd786 elementor-widget__width-initial elementor-position-top elementor-widget elementor-widget-image-box\" data-id=\"13dd786\" data-element_type=\"widget\" data-e-type=\"widget\" data-widget_type=\"image-box.default\">\n\t\t\t\t<div class=\"elementor-widget-container\">\n\t\t\t\t\t<div class=\"elementor-image-box-wrapper\"><figure class=\"elementor-image-box-img\"><img fetchpriority=\"high\" decoding=\"async\" width=\"609\" height=\"568\" src=\"https:\/\/innovaconstru.com.br\/wp-content\/uploads\/2024\/06\/iluminacao-embutida.webp\" class=\"elementor-animation-shrink attachment-full size-full wp-image-3158\" alt=\"\" srcset=\"https:\/\/innovaconstru.com.br\/wp-content\/uploads\/2024\/06\/iluminacao-embutida.webp 609w, https:\/\/innovaconstru.com.br\/wp-content\/uploads\/2024\/06\/iluminacao-embutida-300x280.webp 300w, https:\/\/innovaconstru.com.br\/wp-content\/uploads\/2024\/06\/iluminacao-embutida-200x187.webp 200w\" sizes=\"(max-width: 609px) 100vw, 609px\" \/><\/figure><div class=\"elementor-image-box-content\"><h3 class=\"elementor-image-box-title\">Ilumina\u00e7\u00e3o Embutida\u200b\u200b<\/h3><\/div><\/div>\t\t\t\t<\/div>\n\t\t\t\t<\/div>\n\t\t\t\t<div class=\"elementor-element elementor-element-04362c2 elementor-widget__width-initial elementor-position-top elementor-widget elementor-widget-image-box\" data-id=\"04362c2\" data-element_type=\"widget\" data-e-type=\"widget\" data-widget_type=\"image-box.default\">\n\t\t\t\t<div class=\"elementor-widget-container\">\n\t\t\t\t\t<div class=\"elementor-image-box-wrapper\"><figure class=\"elementor-image-box-img\"><img decoding=\"async\" width=\"609\" height=\"568\" src=\"https:\/\/innovaconstru.com.br\/wp-content\/uploads\/2024\/06\/parede-gesso.webp\" class=\"elementor-animation-shrink attachment-full size-full wp-image-3156\" alt=\"\" srcset=\"https:\/\/innovaconstru.com.br\/wp-content\/uploads\/2024\/06\/parede-gesso.webp 609w, https:\/\/innovaconstru.com.br\/wp-content\/uploads\/2024\/06\/parede-gesso-300x280.webp 300w, https:\/\/innovaconstru.com.br\/wp-content\/uploads\/2024\/06\/parede-gesso-200x187.webp 200w\" sizes=\"(max-width: 609px) 100vw, 609px\" \/><\/figure><div class=\"elementor-image-box-content\"><h3 class=\"elementor-image-box-title\">Parede de Gesso<\/h3><\/div><\/div>\t\t\t\t<\/div>\n\t\t\t\t<\/div>\n\t\t\t\t<div class=\"elementor-element elementor-element-f400e5e elementor-widget__width-initial elementor-position-top elementor-widget elementor-widget-image-box\" data-id=\"f400e5e\" data-element_type=\"widget\" data-e-type=\"widget\" data-widget_type=\"image-box.default\">\n\t\t\t\t<div class=\"elementor-widget-container\">\n\t\t\t\t\t<div class=\"elementor-image-box-wrapper\"><figure class=\"elementor-image-box-img\"><img decoding=\"async\" width=\"609\" height=\"568\" src=\"https:\/\/innovaconstru.com.br\/wp-content\/uploads\/2024\/06\/sanca-gesso.webp\" class=\"elementor-animation-shrink attachment-full size-full wp-image-3110\" alt=\"\" srcset=\"https:\/\/innovaconstru.com.br\/wp-content\/uploads\/2024\/06\/sanca-gesso.webp 609w, https:\/\/innovaconstru.com.br\/wp-content\/uploads\/2024\/06\/sanca-gesso-300x280.webp 300w, https:\/\/innovaconstru.com.br\/wp-content\/uploads\/2024\/06\/sanca-gesso-200x187.webp 200w\" sizes=\"(max-width: 609px) 100vw, 609px\" \/><\/figure><div class=\"elementor-image-box-content\"><h3 class=\"elementor-image-box-title\">Sancas de Gesso<\/h3><\/div><\/div>\t\t\t\t<\/div>\n\t\t\t\t<\/div>\n\t\t\t\t<div class=\"elementor-element elementor-element-9fc52e1 elementor-widget__width-initial elementor-position-top elementor-widget elementor-widget-image-box\" data-id=\"9fc52e1\" data-element_type=\"widget\" data-e-type=\"widget\" data-widget_type=\"image-box.default\">\n\t\t\t\t<div class=\"elementor-widget-container\">\n\t\t\t\t\t<div class=\"elementor-image-box-wrapper\"><figure class=\"elementor-image-box-img\"><img loading=\"lazy\" decoding=\"async\" width=\"609\" height=\"568\" src=\"https:\/\/innovaconstru.com.br\/wp-content\/uploads\/2024\/06\/forro-gesso.webp\" class=\"elementor-animation-shrink attachment-full size-full wp-image-3109\" alt=\"\" srcset=\"https:\/\/innovaconstru.com.br\/wp-content\/uploads\/2024\/06\/forro-gesso.webp 609w, https:\/\/innovaconstru.com.br\/wp-content\/uploads\/2024\/06\/forro-gesso-300x280.webp 300w, https:\/\/innovaconstru.com.br\/wp-content\/uploads\/2024\/06\/forro-gesso-200x187.webp 200w\" sizes=\"(max-width: 609px) 100vw, 609px\" \/><\/figure><div class=\"elementor-image-box-content\"><h3 class=\"elementor-image-box-title\">Teto de Gesso<\/h3><\/div><\/div>\t\t\t\t<\/div>\n\t\t\t\t<\/div>\n\t\t\t\t<\/div>\n\t\t\t\t\t<\/div>\n\t\t<\/div>\n\t\t\t\t\t<\/div>\n\t\t<\/section>\n\t\t\t\t<section class=\"elementor-section elementor-top-section elementor-element elementor-element-6d54561a elementor-section-stretched elementor-section-boxed elementor-section-height-default elementor-section-height-default\" data-id=\"6d54561a\" data-element_type=\"section\" data-e-type=\"section\" data-settings=\"{&quot;stretch_section&quot;:&quot;section-stretched&quot;,&quot;background_background&quot;:&quot;classic&quot;}\">\n\t\t\t\t\t\t\t<div class=\"elementor-background-overlay\"><\/div>\n\t\t\t\t\t\t\t<div class=\"elementor-container elementor-column-gap-no\">\n\t\t\t\t\t<div class=\"elementor-column elementor-col-100 elementor-top-column elementor-element elementor-element-15e7fc7e\" data-id=\"15e7fc7e\" data-element_type=\"column\" data-e-type=\"column\">\n\t\t\t<div class=\"elementor-widget-wrap elementor-element-populated\">\n\t\t\t\t<div class=\"elementor-element elementor-element-bc90c65 e-flex e-con-boxed e-con e-parent\" data-id=\"bc90c65\" data-element_type=\"container\" data-e-type=\"container\">\n\t\t\t\t\t<div class=\"e-con-inner\">\n\t\t<div class=\"elementor-element elementor-element-fc0104a e-con-full e-flex e-con e-child\" data-id=\"fc0104a\" data-element_type=\"container\" data-e-type=\"container\">\n\t\t\t\t<div class=\"elementor-element elementor-element-eecf016 elementor-widget__width-initial elementor-widget elementor-widget-image\" data-id=\"eecf016\" data-element_type=\"widget\" data-e-type=\"widget\" data-widget_type=\"image.default\">\n\t\t\t\t<div class=\"elementor-widget-container\">\n\t\t\t\t\t\t\t\t\t\t\t\t\t\t\t<img loading=\"lazy\" decoding=\"async\" width=\"826\" height=\"1239\" src=\"https:\/\/innovaconstru.com.br\/wp-content\/uploads\/2024\/07\/img-gesso-01.webp\" class=\"attachment-full size-full wp-image-3183\" alt=\"\" srcset=\"https:\/\/innovaconstru.com.br\/wp-content\/uploads\/2024\/07\/img-gesso-01.webp 826w, https:\/\/innovaconstru.com.br\/wp-content\/uploads\/2024\/07\/img-gesso-01-200x300.webp 200w, https:\/\/innovaconstru.com.br\/wp-content\/uploads\/2024\/07\/img-gesso-01-683x1024.webp 683w, https:\/\/innovaconstru.com.br\/wp-content\/uploads\/2024\/07\/img-gesso-01-768x1152.webp 768w\" sizes=\"(max-width: 826px) 100vw, 826px\" \/>\t\t\t\t\t\t\t\t\t\t\t\t\t\t\t<\/div>\n\t\t\t\t<\/div>\n\t\t\t\t<\/div>\n\t\t<div class=\"elementor-element elementor-element-bcfbac8 e-con-full e-flex e-con e-child\" data-id=\"bcfbac8\" data-element_type=\"container\" data-e-type=\"container\">\n\t\t\t\t<div class=\"elementor-element elementor-element-421e4f0 elementor-widget elementor-widget-heading\" data-id=\"421e4f0\" data-element_type=\"widget\" data-e-type=\"widget\" data-widget_type=\"heading.default\">\n\t\t\t\t<div class=\"elementor-widget-container\">\n\t\t\t\t\t<h4 class=\"elementor-heading-title elementor-size-default\">Simples, Acartonados, Sancas,\u00a0Molduras, Dry Wall, ilumina\u00e7\u00e3o em LED, etc. \u00a0<\/h4>\t\t\t\t<\/div>\n\t\t\t\t<\/div>\n\t\t\t\t<div class=\"elementor-element elementor-element-7147272 elementor-widget elementor-widget-text-editor\" data-id=\"7147272\" data-element_type=\"widget\" data-e-type=\"widget\" data-widget_type=\"text-editor.default\">\n\t\t\t\t<div class=\"elementor-widget-container\">\n\t\t\t\t\t\t\t\t\t<p style=\"font-weight: 400;\">O nosso time conta com os melhores profissionais para atender a todas as demandas em Gesso e Pintura, empregando os melhores materiais e GARANTINDO A ENTREGA com um acabamento fino ao seu projeto.\u00a0<\/p>\t\t\t\t\t\t\t\t<\/div>\n\t\t\t\t<\/div>\n\t\t\t\t<div class=\"elementor-element elementor-element-86447ae elementor-widget elementor-widget-text-editor\" data-id=\"86447ae\" data-element_type=\"widget\" data-e-type=\"widget\" data-widget_type=\"text-editor.default\">\n\t\t\t\t<div class=\"elementor-widget-container\">\n\t\t\t\t\t\t\t\t\t<h5 style=\"font-weight: 400;\"><span style=\"color: #808080;\"><strong>Principais Servi\u00e7os:<\/strong><\/span><\/h5><p><strong>\u2022 Constru\u00e7\u00e3o de divis\u00f3rias internas:<\/strong> Paredes de gesso acartonado s\u00e3o ideais para criar novos ambientes em uma constru\u00e7\u00e3o.<\/p><p><strong>\u2022 Revestimento de tetos e forros:<\/strong> O drywall pode ser usado para revestir tetos, criando um acabamento limpo e sofisticado.<\/p><p><strong>\u2022 Instala\u00e7\u00e3o de paredes ac\u00fasticas e isolantes:<\/strong> As placas de gesso acartonado podem ser usadas para isolar o som entre ambientes, principalmente em escrit\u00f3rios e est\u00fadios.<\/p><p><strong>\u2022 Gesso para suporte de ilumina\u00e7\u00e3o:<\/strong> Criar &#8220;niches&#8221; e suportes no drywall para a instala\u00e7\u00e3o de luzes embutidas (como spots ou lumin\u00e1rias de LED).<\/p><p><strong>\u2022 Forros rebaixados:<\/strong> O rebaixamento de tetos \u00e9 uma forma popular de melhorar o acabamento de interiores. O gesso pode ser aplicado para criar um teto rebaixado que esconde instala\u00e7\u00f5es el\u00e9tricas e oferece um visual moderno.<\/p><p><strong>\u2022 Forros decorativos:<\/strong> Cria\u00e7\u00e3o de forros com molduras, desenhos geom\u00e9tricos ou formas personalizadas, que agregam valor est\u00e9tico ao ambiente.<\/p><p><strong>\u2022 Instala\u00e7\u00e3o de ilumina\u00e7\u00e3o embutida:<\/strong> O forro de gesso pode ser projetado para integrar ilumina\u00e7\u00e3o embutida (como spots de LED), criando um efeito visual interessante e moderno.<\/p><p><strong>\u2022 Sancas de gesso:<\/strong> Cria\u00e7\u00e3o de sancas simples ou trabalhadas no teto, podendo incluir espa\u00e7os para ilumina\u00e7\u00e3o indireta, como fitas de LED.<\/p><p><strong>\u2022 Rodap\u00e9s e molduras de gesso:<\/strong> Instala\u00e7\u00e3o de rodap\u00e9s de gesso em \u00e1reas internas, conferindo um acabamento de alto padr\u00e3o.<\/p><p><strong>\u2022 Sancas iluminadas:<\/strong> Instala\u00e7\u00e3o de sancas com nichos para ilumina\u00e7\u00e3o indireta, criando uma luz suave e elegante no ambiente.<\/p><p><strong>\u2022 Textura de gesso (grafiato, reboco, etc.):<\/strong> Aplica\u00e7\u00e3o de texturas como grafiato ou gesso liso para acabamento de paredes e tetos.<\/p><p><strong>\u2022 Pintura e acabamento:<\/strong> O gesso texturizado pode ser pintado com tintas espec\u00edficas para criar acabamentos diferenciados, como cimento queimado ou efeitos de p\u00e1tina.<\/p><p><strong>\u2022 Elementos decorativos em gesso:<\/strong> Produ\u00e7\u00e3o de elementos como colunas, molduras e arabescos, que s\u00e3o inseridos nas paredes ou tetos para compor um estilo mais cl\u00e1ssico ou requintado.<\/p><p><strong>\u2022 Paredes 3D de gesso:<\/strong> Instala\u00e7\u00e3o de pain\u00e9is de gesso 3D para transformar o ambiente com formas inovadoras e sofisticadas.<\/p><p><strong>\u2022 Pintura e acabamentos especiais:<\/strong> Ap\u00f3s a instala\u00e7\u00e3o, \u00e9 poss\u00edvel pintar as paredes 3D com tintas diferenciadas ou metais para criar efeitos exclusivos e modernos.<\/p>\t\t\t\t\t\t\t\t<\/div>\n\t\t\t\t<\/div>\n\t\t\t\t<div class=\"elementor-element elementor-element-e91b8f1 elementor-align-right elementor-mobile-align-center elementor-widget elementor-widget-button\" data-id=\"e91b8f1\" data-element_type=\"widget\" data-e-type=\"widget\" data-widget_type=\"button.default\">\n\t\t\t\t<div class=\"elementor-widget-container\">\n\t\t\t\t\t\t\t\t\t<div class=\"elementor-button-wrapper\">\n\t\t\t\t\t<a class=\"elementor-button elementor-size-sm\" role=\"button\" id=\"orcamento\">\n\t\t\t\t\t\t<span class=\"elementor-button-content-wrapper\">\n\t\t\t\t\t\t\t\t\t<span class=\"elementor-button-text\">Solicite o seu or\u00e7amento!<\/span>\n\t\t\t\t\t<\/span>\n\t\t\t\t\t<\/a>\n\t\t\t\t<\/div>\n\t\t\t\t\t\t\t\t<\/div>\n\t\t\t\t<\/div>\n\t\t\t\t<\/div>\n\t\t\t\t\t<\/div>\n\t\t\t\t<\/div>\n\t\t\t\t\t<\/div>\n\t\t<\/div>\n\t\t\t\t\t<\/div>\n\t\t<\/section>\n\t\t\t\t<\/div>\n\t\t","protected":false},"excerpt":{"rendered":"<p>Ilumina\u00e7\u00e3o Embutida\u200b\u200b Parede de Gesso Sancas de Gesso Teto de Gesso Simples, Acartonados, Sancas,\u00a0Molduras, Dry Wall, ilumina\u00e7\u00e3o em LED, etc. \u00a0 O nosso time conta com os melhores profissionais para atender a todas as demandas em Gesso e Pintura, empregando os melhores materiais e GARANTINDO A ENTREGA<\/p>\n","protected":false},"author":1,"featured_media":0,"parent":0,"menu_order":0,"comment_status":"closed","ping_status":"closed","template":"","meta":{"_eb_attr":"","_joinchat":[],"footnotes":""},"class_list":["post-3193","page","type-page","status-publish","hentry"],"_links":{"self":[{"href":"https:\/\/innovaconstru.com.br\/index.php\/wp-json\/wp\/v2\/pages\/3193","targetHints":{"allow":["GET"]}}],"collection":[{"href":"https:\/\/innovaconstru.com.br\/index.php\/wp-json\/wp\/v2\/pages"}],"about":[{"href":"https:\/\/innovaconstru.com.br\/index.php\/wp-json\/wp\/v2\/types\/page"}],"author":[{"embeddable":true,"href":"https:\/\/innovaconstru.com.br\/index.php\/wp-json\/wp\/v2\/users\/1"}],"replies":[{"embeddable":true,"href":"https:\/\/innovaconstru.com.br\/index.php\/wp-json\/wp\/v2\/comments?post=3193"}],"version-history":[{"count":45,"href":"https:\/\/innovaconstru.com.br\/index.php\/wp-json\/wp\/v2\/pages\/3193\/revisions"}],"predecessor-version":[{"id":4374,"href":"https:\/\/innovaconstru.com.br\/index.php\/wp-json\/wp\/v2\/pages\/3193\/revisions\/4374"}],"wp:attachment":[{"href":"https:\/\/innovaconstru.com.br\/index.php\/wp-json\/wp\/v2\/media?parent=3193"}],"curies":[{"name":"wp","href":"https:\/\/api.w.org\/{rel}","templated":true}]}}