{"id":3218,"date":"2024-07-11T20:24:29","date_gmt":"2024-07-11T23:24:29","guid":{"rendered":"https:\/\/innovaconstru.com.br\/?page_id=3218"},"modified":"2025-06-12T01:40:56","modified_gmt":"2025-06-12T04:40:56","slug":"predial","status":"publish","type":"page","link":"https:\/\/innovaconstru.com.br\/index.php\/predial\/","title":{"rendered":"Predial"},"content":{"rendered":"\t\t<div data-elementor-type=\"wp-page\" data-elementor-id=\"3218\" class=\"elementor elementor-3218\">\n\t\t\t\t\t\t<section class=\"elementor-section elementor-top-section elementor-element elementor-element-6d54561a elementor-section-stretched elementor-section-boxed elementor-section-height-default elementor-section-height-default\" data-id=\"6d54561a\" data-element_type=\"section\" data-e-type=\"section\" data-settings=\"{&quot;stretch_section&quot;:&quot;section-stretched&quot;,&quot;background_background&quot;:&quot;classic&quot;}\">\n\t\t\t\t\t\t\t<div class=\"elementor-background-overlay\"><\/div>\n\t\t\t\t\t\t\t<div class=\"elementor-container elementor-column-gap-no\">\n\t\t\t\t\t<div class=\"elementor-column elementor-col-100 elementor-top-column elementor-element elementor-element-15e7fc7e\" data-id=\"15e7fc7e\" data-element_type=\"column\" data-e-type=\"column\">\n\t\t\t<div class=\"elementor-widget-wrap elementor-element-populated\">\n\t\t\t\t<div class=\"elementor-element elementor-element-bc90c65 e-con-full e-flex e-con e-parent\" data-id=\"bc90c65\" data-element_type=\"container\" data-e-type=\"container\">\n\t\t<div class=\"elementor-element elementor-element-fc0104a e-con-full e-flex e-con e-child\" data-id=\"fc0104a\" data-element_type=\"container\" data-e-type=\"container\">\n\t\t\t\t<div class=\"elementor-element elementor-element-3313422 elementor-widget elementor-widget-image\" data-id=\"3313422\" data-element_type=\"widget\" data-e-type=\"widget\" data-widget_type=\"image.default\">\n\t\t\t\t<div class=\"elementor-widget-container\">\n\t\t\t\t\t\t\t\t\t\t\t\t\t\t\t<img fetchpriority=\"high\" decoding=\"async\" width=\"826\" height=\"656\" src=\"https:\/\/innovaconstru.com.br\/wp-content\/uploads\/2025\/05\/mosaico-predial.webp\" class=\"attachment-large size-large wp-image-4041\" alt=\"\" srcset=\"https:\/\/innovaconstru.com.br\/wp-content\/uploads\/2025\/05\/mosaico-predial.webp 826w, https:\/\/innovaconstru.com.br\/wp-content\/uploads\/2025\/05\/mosaico-predial-300x238.webp 300w, https:\/\/innovaconstru.com.br\/wp-content\/uploads\/2025\/05\/mosaico-predial-768x610.webp 768w, https:\/\/innovaconstru.com.br\/wp-content\/uploads\/2025\/05\/mosaico-predial-200x159.webp 200w\" sizes=\"(max-width: 826px) 100vw, 826px\" \/>\t\t\t\t\t\t\t\t\t\t\t\t\t\t\t<\/div>\n\t\t\t\t<\/div>\n\t\t\t\t<\/div>\n\t\t<div class=\"elementor-element elementor-element-bcfbac8 e-con-full e-flex e-con e-child\" data-id=\"bcfbac8\" data-element_type=\"container\" data-e-type=\"container\">\n\t\t\t\t<div class=\"elementor-element elementor-element-20c8371 elementor-widget elementor-widget-text-editor\" data-id=\"20c8371\" data-element_type=\"widget\" data-e-type=\"widget\" data-widget_type=\"text-editor.default\">\n\t\t\t\t<div class=\"elementor-widget-container\">\n\t\t\t\t\t\t\t\t\t<h1><span style=\"color: #2682b2;\"><b>Predial<\/b><\/span><\/h1><p>Estudo de demanda;<br \/>Adequa\u00e7\u00f5es el\u00e9tricas para A. V. C. B.;<br \/>An\u00e1lise de qualidade de energia el\u00e9trica;<br \/>Aprova\u00e7\u00e3o de projeto junto a concession\u00e1ria \u2013 Enel Bandeirante \u2013 Elektro \u2013 CPFL;<br \/>Reforma de cabine de barramentos;<br \/>Reforma do centro de medi\u00e7\u00e3o;<br \/>Dimensionamento e instala\u00e7\u00e3o das prumadas el\u00e9tricas de apartamentos e \u00e1reas comuns;<br \/>Sistema de Para-raios \u2013 projeto, adequa\u00e7\u00e3o e instala\u00e7\u00e3o;<br \/>Instala\u00e7\u00f5es nas \u00e1reas comuns \u2013 subsolos, quadras, jardins e halls;<br \/>Ilumina\u00e7\u00e3o em LED;<br \/>Manuten\u00e7\u00e3o em quadros de comando;<br \/>Reforma em condom\u00ednios conforme a NBR 16.280;<br \/>Dimensionamento e instala\u00e7\u00e3o de sistemas de aterramentos para elevadores<br \/>e outros equipamentos;<br \/>Substitui\u00e7\u00e3o de fundos de madeira em caixas e quadros el\u00e9tricos.<br \/>Reforma de \u00e1reas comuns:\u00a0corredores, escadas, elevadores, fachadas, \u00e1reas de lazer.<br \/>Reforma de unidades internas:\u00a0quartos, salas, banheiros, cozinhas, escrit\u00f3rios.<br \/><strong>Atualiza\u00e7\u00e3o de instala\u00e7\u00f5es el\u00e9tricas e hidr\u00e1ulicas:<\/strong> substitui\u00e7\u00e3o de cabos, fia\u00e7\u00e3o, encanamentos, sistemas de \u00e1gua e esgoto.<br \/><strong>Melhorias na estrutura:<\/strong> refor\u00e7o de pilares, paredes, lajes, funda\u00e7\u00f5es.<br \/><strong>Reforma est\u00e9tica:<\/strong> pintura, revestimentos, troca de pisos, instala\u00e7\u00e3o de novos acabamentos.<br \/><strong>Adequa\u00e7\u00f5es para acessibilidade:<\/strong> rampas, elevadores, banheiros adaptados.<br \/><strong>Reformas espec\u00edficas:<\/strong> instala\u00e7\u00e3o de sistemas de ar-condicionado, melhorias na seguran\u00e7a, sistemas de automa\u00e7\u00e3o predial.<\/p>\t\t\t\t\t\t\t\t<\/div>\n\t\t\t\t<\/div>\n\t\t\t\t<div class=\"elementor-element elementor-element-e91b8f1 elementor-align-right elementor-mobile-align-center elementor-widget elementor-widget-button\" data-id=\"e91b8f1\" data-element_type=\"widget\" data-e-type=\"widget\" data-widget_type=\"button.default\">\n\t\t\t\t<div class=\"elementor-widget-container\">\n\t\t\t\t\t\t\t\t\t<div class=\"elementor-button-wrapper\">\n\t\t\t\t\t<a class=\"elementor-button elementor-size-sm\" role=\"button\" id=\"orcamento\">\n\t\t\t\t\t\t<span class=\"elementor-button-content-wrapper\">\n\t\t\t\t\t\t\t\t\t<span class=\"elementor-button-text\">Solicite o seu or\u00e7amento!<\/span>\n\t\t\t\t\t<\/span>\n\t\t\t\t\t<\/a>\n\t\t\t\t<\/div>\n\t\t\t\t\t\t\t\t<\/div>\n\t\t\t\t<\/div>\n\t\t\t\t<\/div>\n\t\t\t\t<\/div>\n\t\t\t\t\t<\/div>\n\t\t<\/div>\n\t\t\t\t\t<\/div>\n\t\t<\/section>\n\t\t\t\t<\/div>\n\t\t","protected":false},"excerpt":{"rendered":"<p>Predial Estudo de demanda;Adequa\u00e7\u00f5es el\u00e9tricas para A. V. C. B.;An\u00e1lise de qualidade de energia el\u00e9trica;Aprova\u00e7\u00e3o de projeto junto a concession\u00e1ria \u2013 Enel Bandeirante \u2013 Elektro \u2013 CPFL;Reforma de cabine de barramentos;Reforma do centro de medi\u00e7\u00e3o;Dimensionamento e instala\u00e7\u00e3o das prumadas el\u00e9tricas de apartamentos e \u00e1reas comuns;Sistema de Para-raios<\/p>\n","protected":false},"author":1,"featured_media":0,"parent":0,"menu_order":0,"comment_status":"closed","ping_status":"closed","template":"","meta":{"_eb_attr":"","_joinchat":[],"footnotes":""},"class_list":["post-3218","page","type-page","status-publish","hentry"],"_links":{"self":[{"href":"https:\/\/innovaconstru.com.br\/index.php\/wp-json\/wp\/v2\/pages\/3218","targetHints":{"allow":["GET"]}}],"collection":[{"href":"https:\/\/innovaconstru.com.br\/index.php\/wp-json\/wp\/v2\/pages"}],"about":[{"href":"https:\/\/innovaconstru.com.br\/index.php\/wp-json\/wp\/v2\/types\/page"}],"author":[{"embeddable":true,"href":"https:\/\/innovaconstru.com.br\/index.php\/wp-json\/wp\/v2\/users\/1"}],"replies":[{"embeddable":true,"href":"https:\/\/innovaconstru.com.br\/index.php\/wp-json\/wp\/v2\/comments?post=3218"}],"version-history":[{"count":28,"href":"https:\/\/innovaconstru.com.br\/index.php\/wp-json\/wp\/v2\/pages\/3218\/revisions"}],"predecessor-version":[{"id":4387,"href":"https:\/\/innovaconstru.com.br\/index.php\/wp-json\/wp\/v2\/pages\/3218\/revisions\/4387"}],"wp:attachment":[{"href":"https:\/\/innovaconstru.com.br\/index.php\/wp-json\/wp\/v2\/media?parent=3218"}],"curies":[{"name":"wp","href":"https:\/\/api.w.org\/{rel}","templated":true}]}}