{"id":3237,"date":"2024-07-12T10:04:06","date_gmt":"2024-07-12T13:04:06","guid":{"rendered":"https:\/\/innovaconstru.com.br\/?page_id=3237"},"modified":"2025-05-16T01:27:48","modified_gmt":"2025-05-16T04:27:48","slug":"industrial","status":"publish","type":"page","link":"https:\/\/innovaconstru.com.br\/index.php\/industrial\/","title":{"rendered":"Industrial"},"content":{"rendered":"\t\t<div data-elementor-type=\"wp-page\" data-elementor-id=\"3237\" class=\"elementor elementor-3237\">\n\t\t\t\t\t\t<section class=\"elementor-section elementor-top-section elementor-element elementor-element-6d54561a elementor-section-stretched elementor-section-boxed elementor-section-height-default elementor-section-height-default\" data-id=\"6d54561a\" data-element_type=\"section\" data-e-type=\"section\" data-settings=\"{&quot;stretch_section&quot;:&quot;section-stretched&quot;,&quot;background_background&quot;:&quot;classic&quot;}\">\n\t\t\t\t\t\t\t<div class=\"elementor-background-overlay\"><\/div>\n\t\t\t\t\t\t\t<div class=\"elementor-container elementor-column-gap-no\">\n\t\t\t\t\t<div class=\"elementor-column elementor-col-100 elementor-top-column elementor-element elementor-element-15e7fc7e\" data-id=\"15e7fc7e\" data-element_type=\"column\" data-e-type=\"column\">\n\t\t\t<div class=\"elementor-widget-wrap elementor-element-populated\">\n\t\t\t\t<div class=\"elementor-element elementor-element-bc90c65 e-con-full e-flex e-con e-parent\" data-id=\"bc90c65\" data-element_type=\"container\" data-e-type=\"container\">\n\t\t<div class=\"elementor-element elementor-element-fc0104a e-con-full e-flex e-con e-child\" data-id=\"fc0104a\" data-element_type=\"container\" data-e-type=\"container\">\n\t\t\t\t<div class=\"elementor-element elementor-element-3313422 elementor-widget__width-initial elementor-widget elementor-widget-image\" data-id=\"3313422\" data-element_type=\"widget\" data-e-type=\"widget\" data-widget_type=\"image.default\">\n\t\t\t\t<div class=\"elementor-widget-container\">\n\t\t\t\t\t\t\t\t\t\t\t\t\t\t\t<img fetchpriority=\"high\" decoding=\"async\" width=\"1024\" height=\"617\" src=\"https:\/\/innovaconstru.com.br\/wp-content\/uploads\/2024\/11\/manutencao-de-telhados-industriais-1024x617.webp\" class=\"attachment-large size-large wp-image-3615\" alt=\"\" srcset=\"https:\/\/innovaconstru.com.br\/wp-content\/uploads\/2024\/11\/manutencao-de-telhados-industriais-1024x617.webp 1024w, https:\/\/innovaconstru.com.br\/wp-content\/uploads\/2024\/11\/manutencao-de-telhados-industriais-300x181.webp 300w, https:\/\/innovaconstru.com.br\/wp-content\/uploads\/2024\/11\/manutencao-de-telhados-industriais-768x463.webp 768w, https:\/\/innovaconstru.com.br\/wp-content\/uploads\/2024\/11\/manutencao-de-telhados-industriais-200x121.webp 200w, https:\/\/innovaconstru.com.br\/wp-content\/uploads\/2024\/11\/manutencao-de-telhados-industriais.webp 1200w\" sizes=\"(max-width: 1024px) 100vw, 1024px\" \/>\t\t\t\t\t\t\t\t\t\t\t\t\t\t\t<\/div>\n\t\t\t\t<\/div>\n\t\t\t\t<\/div>\n\t\t<div class=\"elementor-element elementor-element-bcfbac8 e-con-full e-flex e-con e-child\" data-id=\"bcfbac8\" data-element_type=\"container\" data-e-type=\"container\">\n\t\t\t\t<div class=\"elementor-element elementor-element-8d183bf elementor-widget elementor-widget-text-editor\" data-id=\"8d183bf\" data-element_type=\"widget\" data-e-type=\"widget\" data-widget_type=\"text-editor.default\">\n\t\t\t\t<div class=\"elementor-widget-container\">\n\t\t\t\t\t\t\t\t\t<p><strong>\u2022 Telhados industriais:<\/strong> Equipe especializada na reforma ou manuten\u00e7\u00e3o de telhados industriais.<\/p><p><strong>\u2022 Limpeza e conserva\u00e7\u00e3o:<\/strong> Equipe especializada na limpeza ou reforma de galp\u00f5es e pisos industriais<\/p><p><strong>\u2022 Instala\u00e7\u00f5es El\u00e9tricas Industriais:<\/strong> Projetos, instala\u00e7\u00f5es e manuten\u00e7\u00e3o de sistemas el\u00e9tricos para a ind\u00fastria, como subesta\u00e7\u00f5es, pain\u00e9is de controle e cabeamento.<\/p><p><strong>\u2022 Sistemas de Automa\u00e7\u00e3o e Controle:<\/strong> Implementa\u00e7\u00e3o e manuten\u00e7\u00e3o de sistemas de automa\u00e7\u00e3o industrial, como controle de processos, sistemas de supervis\u00e3o e controle de equipamentos.<\/p><p><strong>\u2022 Instala\u00e7\u00f5es Hidrossanit\u00e1rias:<\/strong> Obras de esgoto, \u00e1gua pot\u00e1vel, drenagem e sistemas de inc\u00eandio, adequando as necessidades espec\u00edficas de cada tipo de ind\u00fastria.<\/p><p><strong>\u2022 Sistemas de Ar-Condicionado e Ventila\u00e7\u00e3o\/Exaust\u00e3o:<\/strong> Instala\u00e7\u00e3o e manuten\u00e7\u00e3o de sistemas de climatiza\u00e7\u00e3o para ambientes industriais.<\/p>\t\t\t\t\t\t\t\t<\/div>\n\t\t\t\t<\/div>\n\t\t\t\t<div class=\"elementor-element elementor-element-e91b8f1 elementor-align-right elementor-mobile-align-center elementor-widget elementor-widget-button\" data-id=\"e91b8f1\" data-element_type=\"widget\" data-e-type=\"widget\" data-widget_type=\"button.default\">\n\t\t\t\t<div class=\"elementor-widget-container\">\n\t\t\t\t\t\t\t\t\t<div class=\"elementor-button-wrapper\">\n\t\t\t\t\t<a class=\"elementor-button elementor-size-sm\" role=\"button\" id=\"orcamento\">\n\t\t\t\t\t\t<span class=\"elementor-button-content-wrapper\">\n\t\t\t\t\t\t\t\t\t<span class=\"elementor-button-text\">Solicite o seu or\u00e7amento!<\/span>\n\t\t\t\t\t<\/span>\n\t\t\t\t\t<\/a>\n\t\t\t\t<\/div>\n\t\t\t\t\t\t\t\t<\/div>\n\t\t\t\t<\/div>\n\t\t\t\t<\/div>\n\t\t\t\t<\/div>\n\t\t\t\t\t<\/div>\n\t\t<\/div>\n\t\t\t\t\t<\/div>\n\t\t<\/section>\n\t\t\t\t<\/div>\n\t\t","protected":false},"excerpt":{"rendered":"<p>\u2022 Telhados industriais: Equipe especializada na reforma ou manuten\u00e7\u00e3o de telhados industriais. \u2022 Limpeza e conserva\u00e7\u00e3o: Equipe especializada na limpeza ou reforma de galp\u00f5es e pisos industriais \u2022 Instala\u00e7\u00f5es El\u00e9tricas Industriais: Projetos, instala\u00e7\u00f5es e manuten\u00e7\u00e3o de sistemas el\u00e9tricos para a ind\u00fastria, como subesta\u00e7\u00f5es, pain\u00e9is de controle e<\/p>\n","protected":false},"author":1,"featured_media":0,"parent":0,"menu_order":0,"comment_status":"closed","ping_status":"closed","template":"","meta":{"_eb_attr":"","_joinchat":[],"footnotes":""},"class_list":["post-3237","page","type-page","status-publish","hentry"],"_links":{"self":[{"href":"https:\/\/innovaconstru.com.br\/index.php\/wp-json\/wp\/v2\/pages\/3237","targetHints":{"allow":["GET"]}}],"collection":[{"href":"https:\/\/innovaconstru.com.br\/index.php\/wp-json\/wp\/v2\/pages"}],"about":[{"href":"https:\/\/innovaconstru.com.br\/index.php\/wp-json\/wp\/v2\/types\/page"}],"author":[{"embeddable":true,"href":"https:\/\/innovaconstru.com.br\/index.php\/wp-json\/wp\/v2\/users\/1"}],"replies":[{"embeddable":true,"href":"https:\/\/innovaconstru.com.br\/index.php\/wp-json\/wp\/v2\/comments?post=3237"}],"version-history":[{"count":25,"href":"https:\/\/innovaconstru.com.br\/index.php\/wp-json\/wp\/v2\/pages\/3237\/revisions"}],"predecessor-version":[{"id":4165,"href":"https:\/\/innovaconstru.com.br\/index.php\/wp-json\/wp\/v2\/pages\/3237\/revisions\/4165"}],"wp:attachment":[{"href":"https:\/\/innovaconstru.com.br\/index.php\/wp-json\/wp\/v2\/media?parent=3237"}],"curies":[{"name":"wp","href":"https:\/\/api.w.org\/{rel}","templated":true}]}}