{"id":3252,"date":"2024-07-12T10:18:41","date_gmt":"2024-07-12T13:18:41","guid":{"rendered":"https:\/\/innovaconstru.com.br\/?page_id=3252"},"modified":"2025-06-12T01:32:27","modified_gmt":"2025-06-12T04:32:27","slug":"hidraulica","status":"publish","type":"page","link":"https:\/\/innovaconstru.com.br\/index.php\/hidraulica\/","title":{"rendered":"Hidr\u00e1ulica"},"content":{"rendered":"\t\t<div data-elementor-type=\"wp-page\" data-elementor-id=\"3252\" class=\"elementor elementor-3252\">\n\t\t\t\t\t\t<section class=\"elementor-section elementor-top-section elementor-element elementor-element-6d54561a elementor-section-stretched elementor-section-boxed elementor-section-height-default elementor-section-height-default\" data-id=\"6d54561a\" data-element_type=\"section\" data-e-type=\"section\" data-settings=\"{&quot;stretch_section&quot;:&quot;section-stretched&quot;,&quot;background_background&quot;:&quot;classic&quot;}\">\n\t\t\t\t\t\t\t<div class=\"elementor-background-overlay\"><\/div>\n\t\t\t\t\t\t\t<div class=\"elementor-container elementor-column-gap-no\">\n\t\t\t\t\t<div class=\"elementor-column elementor-col-100 elementor-top-column elementor-element elementor-element-15e7fc7e\" data-id=\"15e7fc7e\" data-element_type=\"column\" data-e-type=\"column\">\n\t\t\t<div class=\"elementor-widget-wrap elementor-element-populated\">\n\t\t\t\t<div class=\"elementor-element elementor-element-bc90c65 e-con-full e-flex e-con e-parent\" data-id=\"bc90c65\" data-element_type=\"container\" data-e-type=\"container\">\n\t\t<div class=\"elementor-element elementor-element-fc0104a e-con-full e-flex e-con e-child\" data-id=\"fc0104a\" data-element_type=\"container\" data-e-type=\"container\">\n\t\t\t\t<div class=\"elementor-element elementor-element-3313422 elementor-widget elementor-widget-image\" data-id=\"3313422\" data-element_type=\"widget\" data-e-type=\"widget\" data-widget_type=\"image.default\">\n\t\t\t\t<div class=\"elementor-widget-container\">\n\t\t\t\t\t\t\t\t\t\t\t\t\t\t\t<img fetchpriority=\"high\" decoding=\"async\" width=\"683\" height=\"1024\" src=\"https:\/\/innovaconstru.com.br\/wp-content\/uploads\/2025\/06\/hidraulica-683x1024.webp\" class=\"attachment-large size-large wp-image-4368\" alt=\"\" srcset=\"https:\/\/innovaconstru.com.br\/wp-content\/uploads\/2025\/06\/hidraulica-683x1024.webp 683w, https:\/\/innovaconstru.com.br\/wp-content\/uploads\/2025\/06\/hidraulica-200x300.webp 200w, https:\/\/innovaconstru.com.br\/wp-content\/uploads\/2025\/06\/hidraulica-768x1152.webp 768w, https:\/\/innovaconstru.com.br\/wp-content\/uploads\/2025\/06\/hidraulica-1024x1536.webp 1024w, https:\/\/innovaconstru.com.br\/wp-content\/uploads\/2025\/06\/hidraulica.webp 1365w\" sizes=\"(max-width: 683px) 100vw, 683px\" \/>\t\t\t\t\t\t\t\t\t\t\t\t\t\t\t<\/div>\n\t\t\t\t<\/div>\n\t\t\t\t<\/div>\n\t\t<div class=\"elementor-element elementor-element-bcfbac8 e-con-full e-flex e-con e-child\" data-id=\"bcfbac8\" data-element_type=\"container\" data-e-type=\"container\">\n\t\t\t\t<div class=\"elementor-element elementor-element-8d183bf elementor-widget elementor-widget-text-editor\" data-id=\"8d183bf\" data-element_type=\"widget\" data-e-type=\"widget\" data-widget_type=\"text-editor.default\">\n\t\t\t\t<div class=\"elementor-widget-container\">\n\t\t\t\t\t\t\t\t\t<h1><span style=\"color: #2682b2;\"><b>Hidr\u00e1ulica<\/b><\/span><\/h1><div><p style=\"font-weight: 400;\">A INNOVA conta com os melhores profissionais e qualidade para instala\u00e7\u00f5es e manuten\u00e7\u00f5es hidr\u00e1ulicas preventivas e corretivas em sistemas de v\u00e1lvulas, tubos, conex\u00f5es, bombas, prumadas e demais componentes do conjunto hidr\u00e1ulico.<\/p><p style=\"font-weight: 400;\">Ap\u00f3s a execu\u00e7\u00e3o, temos como prim\u00edcia a realiza\u00e7\u00e3o do \u201cstress test\u2019 em todo o sistema para identificar eventuais avarias, vazamentos e infiltra\u00e7\u00f5es. Com esse cuidado, todas as substitui\u00e7\u00f5es necess\u00e1rias ser\u00e3o realizadas e problemas posteriores ser\u00e3o evitados.<\/p><p style=\"font-weight: 400;\">A nossa atua\u00e7\u00e3o \u00e9 pautada em normas estabelecidas pela ABNT, garantindo uma maior seguran\u00e7a e efici\u00eancia aos nossos clientes, evitando desperd\u00edcios e riscos de abastecimento.<\/p><\/div>\t\t\t\t\t\t\t\t<\/div>\n\t\t\t\t<\/div>\n\t\t\t\t<div class=\"elementor-element elementor-element-e91b8f1 elementor-align-right elementor-mobile-align-center elementor-widget elementor-widget-button\" data-id=\"e91b8f1\" data-element_type=\"widget\" data-e-type=\"widget\" data-widget_type=\"button.default\">\n\t\t\t\t<div class=\"elementor-widget-container\">\n\t\t\t\t\t\t\t\t\t<div class=\"elementor-button-wrapper\">\n\t\t\t\t\t<a class=\"elementor-button elementor-size-sm\" role=\"button\" id=\"orcamento\">\n\t\t\t\t\t\t<span class=\"elementor-button-content-wrapper\">\n\t\t\t\t\t\t\t\t\t<span class=\"elementor-button-text\">Solicite o seu or\u00e7amento!<\/span>\n\t\t\t\t\t<\/span>\n\t\t\t\t\t<\/a>\n\t\t\t\t<\/div>\n\t\t\t\t\t\t\t\t<\/div>\n\t\t\t\t<\/div>\n\t\t\t\t<\/div>\n\t\t\t\t<\/div>\n\t\t\t\t\t<\/div>\n\t\t<\/div>\n\t\t\t\t\t<\/div>\n\t\t<\/section>\n\t\t\t\t<\/div>\n\t\t","protected":false},"excerpt":{"rendered":"<p>Hidr\u00e1ulica A INNOVA conta com os melhores profissionais e qualidade para instala\u00e7\u00f5es e manuten\u00e7\u00f5es hidr\u00e1ulicas preventivas e corretivas em sistemas de v\u00e1lvulas, tubos, conex\u00f5es, bombas, prumadas e demais componentes do conjunto hidr\u00e1ulico. Ap\u00f3s a execu\u00e7\u00e3o, temos como prim\u00edcia a realiza\u00e7\u00e3o do \u201cstress test\u2019 em todo o sistema<\/p>\n","protected":false},"author":1,"featured_media":0,"parent":0,"menu_order":0,"comment_status":"closed","ping_status":"closed","template":"","meta":{"_eb_attr":"","_joinchat":[],"footnotes":""},"class_list":["post-3252","page","type-page","status-publish","hentry"],"_links":{"self":[{"href":"https:\/\/innovaconstru.com.br\/index.php\/wp-json\/wp\/v2\/pages\/3252","targetHints":{"allow":["GET"]}}],"collection":[{"href":"https:\/\/innovaconstru.com.br\/index.php\/wp-json\/wp\/v2\/pages"}],"about":[{"href":"https:\/\/innovaconstru.com.br\/index.php\/wp-json\/wp\/v2\/types\/page"}],"author":[{"embeddable":true,"href":"https:\/\/innovaconstru.com.br\/index.php\/wp-json\/wp\/v2\/users\/1"}],"replies":[{"embeddable":true,"href":"https:\/\/innovaconstru.com.br\/index.php\/wp-json\/wp\/v2\/comments?post=3252"}],"version-history":[{"count":37,"href":"https:\/\/innovaconstru.com.br\/index.php\/wp-json\/wp\/v2\/pages\/3252\/revisions"}],"predecessor-version":[{"id":4384,"href":"https:\/\/innovaconstru.com.br\/index.php\/wp-json\/wp\/v2\/pages\/3252\/revisions\/4384"}],"wp:attachment":[{"href":"https:\/\/innovaconstru.com.br\/index.php\/wp-json\/wp\/v2\/media?parent=3252"}],"curies":[{"name":"wp","href":"https:\/\/api.w.org\/{rel}","templated":true}]}}