{"id":3262,"date":"2024-07-12T13:03:49","date_gmt":"2024-07-12T16:03:49","guid":{"rendered":"https:\/\/innovaconstru.com.br\/?page_id=3262"},"modified":"2025-05-16T01:26:25","modified_gmt":"2025-05-16T04:26:25","slug":"alvenaria","status":"publish","type":"page","link":"https:\/\/innovaconstru.com.br\/index.php\/alvenaria\/","title":{"rendered":"Alvenaria"},"content":{"rendered":"\t\t<div data-elementor-type=\"wp-page\" data-elementor-id=\"3262\" class=\"elementor elementor-3262\">\n\t\t\t\t\t\t<section class=\"elementor-section elementor-top-section elementor-element elementor-element-6d54561a elementor-section-stretched elementor-section-boxed elementor-section-height-default elementor-section-height-default\" data-id=\"6d54561a\" data-element_type=\"section\" data-e-type=\"section\" data-settings=\"{&quot;stretch_section&quot;:&quot;section-stretched&quot;,&quot;background_background&quot;:&quot;classic&quot;}\">\n\t\t\t\t\t\t\t<div class=\"elementor-background-overlay\"><\/div>\n\t\t\t\t\t\t\t<div class=\"elementor-container elementor-column-gap-no\">\n\t\t\t\t\t<div class=\"elementor-column elementor-col-100 elementor-top-column elementor-element elementor-element-15e7fc7e\" data-id=\"15e7fc7e\" data-element_type=\"column\" data-e-type=\"column\">\n\t\t\t<div class=\"elementor-widget-wrap elementor-element-populated\">\n\t\t\t\t<div class=\"elementor-element elementor-element-bc90c65 e-con-full e-flex e-con e-parent\" data-id=\"bc90c65\" data-element_type=\"container\" data-e-type=\"container\">\n\t\t<div class=\"elementor-element elementor-element-fc0104a e-con-full e-flex e-con e-child\" data-id=\"fc0104a\" data-element_type=\"container\" data-e-type=\"container\">\n\t\t\t\t<div class=\"elementor-element elementor-element-3313422 elementor-widget__width-initial elementor-widget elementor-widget-image\" data-id=\"3313422\" data-element_type=\"widget\" data-e-type=\"widget\" data-widget_type=\"image.default\">\n\t\t\t\t<div class=\"elementor-widget-container\">\n\t\t\t\t\t\t\t\t\t\t\t\t\t\t\t<img fetchpriority=\"high\" decoding=\"async\" width=\"683\" height=\"1024\" src=\"https:\/\/innovaconstru.com.br\/wp-content\/uploads\/2024\/07\/alvenaria-01-683x1024.webp\" class=\"attachment-large size-large wp-image-3265\" alt=\"\" srcset=\"https:\/\/innovaconstru.com.br\/wp-content\/uploads\/2024\/07\/alvenaria-01-683x1024.webp 683w, https:\/\/innovaconstru.com.br\/wp-content\/uploads\/2024\/07\/alvenaria-01-200x300.webp 200w, https:\/\/innovaconstru.com.br\/wp-content\/uploads\/2024\/07\/alvenaria-01-768x1152.webp 768w, https:\/\/innovaconstru.com.br\/wp-content\/uploads\/2024\/07\/alvenaria-01.webp 826w\" sizes=\"(max-width: 683px) 100vw, 683px\" \/>\t\t\t\t\t\t\t\t\t\t\t\t\t\t\t<\/div>\n\t\t\t\t<\/div>\n\t\t\t\t<\/div>\n\t\t<div class=\"elementor-element elementor-element-bcfbac8 e-con-full e-flex e-con e-child\" data-id=\"bcfbac8\" data-element_type=\"container\" data-e-type=\"container\">\n\t\t\t\t<div class=\"elementor-element elementor-element-8d183bf elementor-widget elementor-widget-text-editor\" data-id=\"8d183bf\" data-element_type=\"widget\" data-e-type=\"widget\" data-widget_type=\"text-editor.default\">\n\t\t\t\t<div class=\"elementor-widget-container\">\n\t\t\t\t\t\t\t\t\t<h1><span style=\"color: #2682b2;\"><b>Alvenaria<\/b><\/span><\/h1><div><p>Na \u00e1rea da constru\u00e7\u00e3o, a alvenaria \u00e9 a \u201cparte cinza\u201d da obra, ou seja, \u00e9 o servi\u00e7o pesado, tais como a demoli\u00e7\u00e3o, constru\u00e7\u00e3o de paredes, ou seja, nesta etapa trabalha-se com tijolos, blocos, cimento, contrapisos, funda\u00e7\u00f5es e estruturas. A INNOVA atua com todos os tipos de servi\u00e7os que envolvam o conjunto de alvenaria, desde a funda\u00e7\u00e3o at\u00e9 o acabamento em projetos de m\u00e9dio e alto padr\u00e3o.\u00a0<\/p><\/div>\t\t\t\t\t\t\t\t<\/div>\n\t\t\t\t<\/div>\n\t\t<div class=\"elementor-element elementor-element-e32d6c2 e-grid e-con-full e-con e-child\" data-id=\"e32d6c2\" data-element_type=\"container\" data-e-type=\"container\">\n\t\t\t\t<div class=\"elementor-element elementor-element-11333d6 elementor-widget elementor-widget-image\" data-id=\"11333d6\" data-element_type=\"widget\" data-e-type=\"widget\" data-widget_type=\"image.default\">\n\t\t\t\t<div class=\"elementor-widget-container\">\n\t\t\t\t\t\t\t\t\t\t\t\t\t\t\t<img decoding=\"async\" width=\"800\" height=\"539\" src=\"https:\/\/innovaconstru.com.br\/wp-content\/uploads\/2024\/07\/img-alvenaria-01.webp\" class=\"attachment-large size-large wp-image-3278\" alt=\"\" srcset=\"https:\/\/innovaconstru.com.br\/wp-content\/uploads\/2024\/07\/img-alvenaria-01.webp 800w, https:\/\/innovaconstru.com.br\/wp-content\/uploads\/2024\/07\/img-alvenaria-01-300x202.webp 300w, https:\/\/innovaconstru.com.br\/wp-content\/uploads\/2024\/07\/img-alvenaria-01-768x517.webp 768w, https:\/\/innovaconstru.com.br\/wp-content\/uploads\/2024\/07\/img-alvenaria-01-200x135.webp 200w\" sizes=\"(max-width: 800px) 100vw, 800px\" \/>\t\t\t\t\t\t\t\t\t\t\t\t\t\t\t<\/div>\n\t\t\t\t<\/div>\n\t\t\t\t<div class=\"elementor-element elementor-element-17f29b6 elementor-widget elementor-widget-image\" data-id=\"17f29b6\" data-element_type=\"widget\" data-e-type=\"widget\" data-widget_type=\"image.default\">\n\t\t\t\t<div class=\"elementor-widget-container\">\n\t\t\t\t\t\t\t\t\t\t\t\t\t\t\t<img decoding=\"async\" width=\"800\" height=\"539\" src=\"https:\/\/innovaconstru.com.br\/wp-content\/uploads\/2024\/07\/img-alvenaria-03.webp\" class=\"attachment-large size-large wp-image-3280\" alt=\"\" srcset=\"https:\/\/innovaconstru.com.br\/wp-content\/uploads\/2024\/07\/img-alvenaria-03.webp 800w, https:\/\/innovaconstru.com.br\/wp-content\/uploads\/2024\/07\/img-alvenaria-03-300x202.webp 300w, https:\/\/innovaconstru.com.br\/wp-content\/uploads\/2024\/07\/img-alvenaria-03-768x517.webp 768w, https:\/\/innovaconstru.com.br\/wp-content\/uploads\/2024\/07\/img-alvenaria-03-200x135.webp 200w\" sizes=\"(max-width: 800px) 100vw, 800px\" \/>\t\t\t\t\t\t\t\t\t\t\t\t\t\t\t<\/div>\n\t\t\t\t<\/div>\n\t\t\t\t<div class=\"elementor-element elementor-element-dc456a4 elementor-widget elementor-widget-image\" data-id=\"dc456a4\" data-element_type=\"widget\" data-e-type=\"widget\" data-widget_type=\"image.default\">\n\t\t\t\t<div class=\"elementor-widget-container\">\n\t\t\t\t\t\t\t\t\t\t\t\t\t\t\t<img loading=\"lazy\" decoding=\"async\" width=\"800\" height=\"539\" src=\"https:\/\/innovaconstru.com.br\/wp-content\/uploads\/2024\/07\/img-alvenaria-02.webp\" class=\"attachment-large size-large wp-image-3279\" alt=\"\" srcset=\"https:\/\/innovaconstru.com.br\/wp-content\/uploads\/2024\/07\/img-alvenaria-02.webp 800w, https:\/\/innovaconstru.com.br\/wp-content\/uploads\/2024\/07\/img-alvenaria-02-300x202.webp 300w, https:\/\/innovaconstru.com.br\/wp-content\/uploads\/2024\/07\/img-alvenaria-02-768x517.webp 768w, https:\/\/innovaconstru.com.br\/wp-content\/uploads\/2024\/07\/img-alvenaria-02-200x135.webp 200w\" sizes=\"(max-width: 800px) 100vw, 800px\" \/>\t\t\t\t\t\t\t\t\t\t\t\t\t\t\t<\/div>\n\t\t\t\t<\/div>\n\t\t\t\t<div class=\"elementor-element elementor-element-a217200 elementor-widget elementor-widget-image\" data-id=\"a217200\" data-element_type=\"widget\" data-e-type=\"widget\" data-widget_type=\"image.default\">\n\t\t\t\t<div class=\"elementor-widget-container\">\n\t\t\t\t\t\t\t\t\t\t\t\t\t\t\t<img loading=\"lazy\" decoding=\"async\" width=\"800\" height=\"539\" src=\"https:\/\/innovaconstru.com.br\/wp-content\/uploads\/2024\/07\/img-alvenaria-05.webp\" class=\"attachment-large size-large wp-image-3282\" alt=\"\" srcset=\"https:\/\/innovaconstru.com.br\/wp-content\/uploads\/2024\/07\/img-alvenaria-05.webp 800w, https:\/\/innovaconstru.com.br\/wp-content\/uploads\/2024\/07\/img-alvenaria-05-300x202.webp 300w, https:\/\/innovaconstru.com.br\/wp-content\/uploads\/2024\/07\/img-alvenaria-05-768x517.webp 768w, https:\/\/innovaconstru.com.br\/wp-content\/uploads\/2024\/07\/img-alvenaria-05-200x135.webp 200w\" sizes=\"(max-width: 800px) 100vw, 800px\" \/>\t\t\t\t\t\t\t\t\t\t\t\t\t\t\t<\/div>\n\t\t\t\t<\/div>\n\t\t\t\t<div class=\"elementor-element elementor-element-d6c8d79 elementor-widget elementor-widget-image\" data-id=\"d6c8d79\" data-element_type=\"widget\" data-e-type=\"widget\" data-widget_type=\"image.default\">\n\t\t\t\t<div class=\"elementor-widget-container\">\n\t\t\t\t\t\t\t\t\t\t\t\t\t\t\t<img loading=\"lazy\" decoding=\"async\" width=\"800\" height=\"539\" src=\"https:\/\/innovaconstru.com.br\/wp-content\/uploads\/2024\/07\/img-alvenaria-04.webp\" class=\"attachment-large size-large wp-image-3281\" alt=\"\" srcset=\"https:\/\/innovaconstru.com.br\/wp-content\/uploads\/2024\/07\/img-alvenaria-04.webp 800w, https:\/\/innovaconstru.com.br\/wp-content\/uploads\/2024\/07\/img-alvenaria-04-300x202.webp 300w, https:\/\/innovaconstru.com.br\/wp-content\/uploads\/2024\/07\/img-alvenaria-04-768x517.webp 768w, https:\/\/innovaconstru.com.br\/wp-content\/uploads\/2024\/07\/img-alvenaria-04-200x135.webp 200w\" sizes=\"(max-width: 800px) 100vw, 800px\" \/>\t\t\t\t\t\t\t\t\t\t\t\t\t\t\t<\/div>\n\t\t\t\t<\/div>\n\t\t\t\t<div class=\"elementor-element elementor-element-c62cfa8 elementor-widget elementor-widget-image\" data-id=\"c62cfa8\" data-element_type=\"widget\" data-e-type=\"widget\" data-widget_type=\"image.default\">\n\t\t\t\t<div class=\"elementor-widget-container\">\n\t\t\t\t\t\t\t\t\t\t\t\t\t\t\t<img loading=\"lazy\" decoding=\"async\" width=\"800\" height=\"539\" src=\"https:\/\/innovaconstru.com.br\/wp-content\/uploads\/2024\/07\/img-alvenaria-06.webp\" class=\"attachment-large size-large wp-image-3283\" alt=\"\" srcset=\"https:\/\/innovaconstru.com.br\/wp-content\/uploads\/2024\/07\/img-alvenaria-06.webp 800w, https:\/\/innovaconstru.com.br\/wp-content\/uploads\/2024\/07\/img-alvenaria-06-300x202.webp 300w, https:\/\/innovaconstru.com.br\/wp-content\/uploads\/2024\/07\/img-alvenaria-06-768x517.webp 768w, https:\/\/innovaconstru.com.br\/wp-content\/uploads\/2024\/07\/img-alvenaria-06-200x135.webp 200w\" sizes=\"(max-width: 800px) 100vw, 800px\" \/>\t\t\t\t\t\t\t\t\t\t\t\t\t\t\t<\/div>\n\t\t\t\t<\/div>\n\t\t\t\t<\/div>\n\t\t\t\t<div class=\"elementor-element elementor-element-deeda34 elementor-align-right elementor-mobile-align-center elementor-widget elementor-widget-button\" data-id=\"deeda34\" data-element_type=\"widget\" data-e-type=\"widget\" data-widget_type=\"button.default\">\n\t\t\t\t<div class=\"elementor-widget-container\">\n\t\t\t\t\t\t\t\t\t<div class=\"elementor-button-wrapper\">\n\t\t\t\t\t<a class=\"elementor-button elementor-size-sm\" role=\"button\" id=\"orcamento\">\n\t\t\t\t\t\t<span class=\"elementor-button-content-wrapper\">\n\t\t\t\t\t\t\t\t\t<span class=\"elementor-button-text\">Solicite o seu or\u00e7amento!<\/span>\n\t\t\t\t\t<\/span>\n\t\t\t\t\t<\/a>\n\t\t\t\t<\/div>\n\t\t\t\t\t\t\t\t<\/div>\n\t\t\t\t<\/div>\n\t\t\t\t<\/div>\n\t\t\t\t<\/div>\n\t\t\t\t\t<\/div>\n\t\t<\/div>\n\t\t\t\t\t<\/div>\n\t\t<\/section>\n\t\t\t\t<\/div>\n\t\t","protected":false},"excerpt":{"rendered":"<p>Alvenaria Na \u00e1rea da constru\u00e7\u00e3o, a alvenaria \u00e9 a \u201cparte cinza\u201d da obra, ou seja, \u00e9 o servi\u00e7o pesado, tais como a demoli\u00e7\u00e3o, constru\u00e7\u00e3o de paredes, ou seja, nesta etapa trabalha-se com tijolos, blocos, cimento, contrapisos, funda\u00e7\u00f5es e estruturas. A INNOVA atua com todos os tipos de<\/p>\n","protected":false},"author":1,"featured_media":0,"parent":0,"menu_order":0,"comment_status":"closed","ping_status":"closed","template":"","meta":{"_eb_attr":"","_joinchat":[],"footnotes":""},"class_list":["post-3262","page","type-page","status-publish","hentry"],"_links":{"self":[{"href":"https:\/\/innovaconstru.com.br\/index.php\/wp-json\/wp\/v2\/pages\/3262","targetHints":{"allow":["GET"]}}],"collection":[{"href":"https:\/\/innovaconstru.com.br\/index.php\/wp-json\/wp\/v2\/pages"}],"about":[{"href":"https:\/\/innovaconstru.com.br\/index.php\/wp-json\/wp\/v2\/types\/page"}],"author":[{"embeddable":true,"href":"https:\/\/innovaconstru.com.br\/index.php\/wp-json\/wp\/v2\/users\/1"}],"replies":[{"embeddable":true,"href":"https:\/\/innovaconstru.com.br\/index.php\/wp-json\/wp\/v2\/comments?post=3262"}],"version-history":[{"count":41,"href":"https:\/\/innovaconstru.com.br\/index.php\/wp-json\/wp\/v2\/pages\/3262\/revisions"}],"predecessor-version":[{"id":4319,"href":"https:\/\/innovaconstru.com.br\/index.php\/wp-json\/wp\/v2\/pages\/3262\/revisions\/4319"}],"wp:attachment":[{"href":"https:\/\/innovaconstru.com.br\/index.php\/wp-json\/wp\/v2\/media?parent=3262"}],"curies":[{"name":"wp","href":"https:\/\/api.w.org\/{rel}","templated":true}]}}